{"id":5780,"date":"2025-03-16T09:05:40","date_gmt":"2025-03-16T07:05:40","guid":{"rendered":"https:\/\/pokebowl.ee\/?page_id=5780"},"modified":"2025-09-23T09:55:10","modified_gmt":"2025-09-23T06:55:10","slug":"menuu","status":"publish","type":"page","link":"https:\/\/pokebowl.ee\/en\/menuu\/","title":{"rendered":"Poke Bowl men\u00fc\u00fc &#8211; v\u00e4rsked ja tervislikud poke kausid"},"content":{"rendered":"","protected":false},"excerpt":{"rendered":"","protected":false},"author":4,"featured_media":0,"parent":0,"menu_order":0,"comment_status":"closed","ping_status":"closed","template":"menu.php","meta":{"_acf_changed":false,"footnotes":""},"class_list":["post-5780","page","type-page","status-publish","hentry"],"aioseo_notices":[],"acf":[],"_links":{"self":[{"href":"https:\/\/pokebowl.ee\/en\/wp-json\/wp\/v2\/pages\/5780","targetHints":{"allow":["GET"]}}],"collection":[{"href":"https:\/\/pokebowl.ee\/en\/wp-json\/wp\/v2\/pages"}],"about":[{"href":"https:\/\/pokebowl.ee\/en\/wp-json\/wp\/v2\/types\/page"}],"author":[{"embeddable":true,"href":"https:\/\/pokebowl.ee\/en\/wp-json\/wp\/v2\/users\/4"}],"replies":[{"embeddable":true,"href":"https:\/\/pokebowl.ee\/en\/wp-json\/wp\/v2\/comments?post=5780"}],"version-history":[{"count":3,"href":"https:\/\/pokebowl.ee\/en\/wp-json\/wp\/v2\/pages\/5780\/revisions"}],"predecessor-version":[{"id":6679,"href":"https:\/\/pokebowl.ee\/en\/wp-json\/wp\/v2\/pages\/5780\/revisions\/6679"}],"wp:attachment":[{"href":"https:\/\/pokebowl.ee\/en\/wp-json\/wp\/v2\/media?parent=5780"}],"curies":[{"name":"wp","href":"https:\/\/api.w.org\/{rel}","templated":true}]}}