{"id":5527,"date":"2024-05-21T15:04:11","date_gmt":"2024-05-21T12:04:11","guid":{"rendered":"https:\/\/pokebowl.ee\/?page_id=5527"},"modified":"2024-05-21T15:46:47","modified_gmt":"2024-05-21T12:46:47","slug":"osale-loosis","status":"publish","type":"page","link":"https:\/\/pokebowl.ee\/en\/osale-loosis\/","title":{"rendered":"Osale Loosis"},"content":{"rendered":"<div class=\"wpb-content-wrapper\"><section data-vc-full-width=\"true\" data-vc-full-width-temp=\"true\" data-vc-full-width-init=\"false\" class=\"vc_section loosi-leht vc_custom_1716294588293 vc_section-has-fill vc_row-o-full-height vc_section-o-content-middle vc_section-flex\"><div class=\"vc_row wpb_row vc_row-fluid\" ><div class=\"wpb_column vc_column_container vc_col-sm-12\"><div class=\"vc_column-inner vc_custom_1716294518222\"><div class=\"wpb_wrapper\">\n\t<div  class=\"wpb_single_image wpb_content_element vc_align_center wpb_content_element vc_custom_1716295604578  giveaway-logo\">\n\t\t\n\t\t<figure class=\"wpb_wrapper vc_figure\">\n\t\t\t<div class=\"vc_single_image-wrapper   vc_box_border_grey\"><img loading=\"lazy\" decoding=\"async\" width=\"1500\" height=\"758\" src=\"https:\/\/pokebowl.ee\/wp-content\/uploads\/2024\/05\/1678355718502-PokeBowlLOGO2021tumedaltaustal_taustata.png\" class=\"vc_single_image-img attachment-full\" alt=\"\" title=\"1678355718502-Poke+Bowl+LOGO+2021+tumedal+taustal_taustata\" srcset=\"https:\/\/pokebowl.ee\/wp-content\/uploads\/2024\/05\/1678355718502-PokeBowlLOGO2021tumedaltaustal_taustata.png 1500w, https:\/\/pokebowl.ee\/wp-content\/uploads\/2024\/05\/1678355718502-PokeBowlLOGO2021tumedaltaustal_taustata-300x152.png 300w, https:\/\/pokebowl.ee\/wp-content\/uploads\/2024\/05\/1678355718502-PokeBowlLOGO2021tumedaltaustal_taustata-1024x517.png 1024w, https:\/\/pokebowl.ee\/wp-content\/uploads\/2024\/05\/1678355718502-PokeBowlLOGO2021tumedaltaustal_taustata-768x388.png 768w, https:\/\/pokebowl.ee\/wp-content\/uploads\/2024\/05\/1678355718502-PokeBowlLOGO2021tumedaltaustal_taustata-18x9.png 18w\" sizes=\"auto, (max-width: 1500px) 100vw, 1500px\" \/><\/div>\n\t\t<\/figure>\n\t<\/div>\n<h2 style=\"font-size: 68px;color: #ffffff;text-align: center;font-family:custombob;font-weight:400;font-style:normal\" class=\"vc_custom_heading vc_do_custom_heading vc_custom_1716295548122\" >V\u00d5IDA TASUTA L\u00d5UNAD N\u00c4DALAKS!<\/h2><h3 style=\"font-size: 24px;color: #ffffff;text-align: center;font-family:Asap;font-weight:400;font-style:normal\" class=\"vc_custom_heading vc_do_custom_heading vc_custom_1716295565961\" >J\u00e4ta meile oma nimi ning email ja osaled loosis.<\/h3>\n\t<div class=\"wpb_raw_code wpb_raw_html wpb_content_element vc_custom_1716295581879 loosi-kontaktvorm\" >\n\t\t<div class=\"wpb_wrapper\">\n\t\t\t[contact-form-7 id=\"32ee234\" title=\"iPad register form\"]\n\t\t<\/div>\n\t<\/div>\n<\/div><\/div><\/div><\/div><\/section><div class=\"vc_row-full-width vc_clearfix\"><\/div>\n<\/div>","protected":false},"excerpt":{"rendered":"V\u00d5IDA TASUTA L\u00d5UNAD N\u00c4DALAKS!J\u00e4ta meile oma nimi ning email ja osaled loosis. [contact-form-7 id=\"32ee234\" title=\"iPad register form\"]","protected":false},"author":3,"featured_media":0,"parent":0,"menu_order":0,"comment_status":"closed","ping_status":"closed","template":"","meta":{"_acf_changed":false,"footnotes":""},"class_list":["post-5527","page","type-page","status-publish","hentry"],"aioseo_notices":[],"acf":[],"_links":{"self":[{"href":"https:\/\/pokebowl.ee\/en\/wp-json\/wp\/v2\/pages\/5527","targetHints":{"allow":["GET"]}}],"collection":[{"href":"https:\/\/pokebowl.ee\/en\/wp-json\/wp\/v2\/pages"}],"about":[{"href":"https:\/\/pokebowl.ee\/en\/wp-json\/wp\/v2\/types\/page"}],"author":[{"embeddable":true,"href":"https:\/\/pokebowl.ee\/en\/wp-json\/wp\/v2\/users\/3"}],"replies":[{"embeddable":true,"href":"https:\/\/pokebowl.ee\/en\/wp-json\/wp\/v2\/comments?post=5527"}],"version-history":[{"count":0,"href":"https:\/\/pokebowl.ee\/en\/wp-json\/wp\/v2\/pages\/5527\/revisions"}],"wp:attachment":[{"href":"https:\/\/pokebowl.ee\/en\/wp-json\/wp\/v2\/media?parent=5527"}],"curies":[{"name":"wp","href":"https:\/\/api.w.org\/{rel}","templated":true}]}}