{"id":5215,"date":"2024-04-12T22:47:43","date_gmt":"2024-04-12T19:47:43","guid":{"rendered":"https:\/\/pokebowl.ee\/?page_id=5215"},"modified":"2025-05-26T18:53:10","modified_gmt":"2025-05-26T15:53:10","slug":"pusikliendiks","status":"publish","type":"page","link":"https:\/\/pokebowl.ee\/en\/pusikliendiks\/","title":{"rendered":"Loyal Customer"},"content":{"rendered":"<div class=\"wpb-content-wrapper\"><div class=\"eltdf-row-grid-section-wrapper\"  ><div class=\"eltdf-row-grid-section\"><div class=\"vc_row wpb_row vc_row-fluid vc_custom_1719326922834 vc_row-has-fill vc_row-o-content-top vc_row-flex\" ><div class=\"wpb_column vc_column_container vc_col-sm-12\"><div class=\"vc_column-inner vc_custom_1713111682025\"><div class=\"wpb_wrapper\"><div class=\"eltdf-elements-holder   eltdf-three-columns  eltdf-responsive-mode-768\" ><div class=\"eltdf-eh-item  eltdf-vertical-alignment-top eltdf-horizontal-alignment-center\"  data-item-class=\"eltdf-eh-custom-2239\" data-1366-1600=\"10 px 0 10px 0\" data-1024-1366=\"10 px 0 10px 0\" data-768-1024=\"10 px 0 10px 0\" data-680-768=\"10 px 0 10px 0\" data-680=\"10 px 0 10px 0\">\n\t<div class=\"eltdf-eh-item-inner\">\n\t\t<div class=\"eltdf-eh-item-content eltdf-eh-custom-2239\" style=\"padding: 10px 0 10px 0\">\n\t\t\t\n\t<div  class=\"wpb_single_image wpb_content_element vc_align_center wpb_content_element wpb_animate_when_almost_visible wpb_bounceIn bounceIn vc_custom_1712950114853\">\n\t\t\n\t\t<figure class=\"wpb_wrapper vc_figure\">\n\t\t\t<div class=\"vc_single_image-wrapper   vc_box_border_grey\"><img decoding=\"async\" class=\"vc_single_image-img\" src=\"https:\/\/pokebowl.ee\/wp-content\/uploads\/2024\/04\/qwg5CQDK-scaled-800x450.jpeg\" width=\"800\" height=\"450\" alt=\"qwg5CQDK\" title=\"qwg5CQDK\" loading=\"lazy\" \/><\/div>\n\t\t<\/figure>\n\t<\/div>\n<h1 style=\"font-size: 60px;color: #ff95a0;text-align: center;font-family:custombob;font-weight:400;font-style:normal\" class=\"vc_custom_heading vc_do_custom_heading koostoo-hero\" >Become our loyal client<\/h1>\n\t<div class=\"wpb_text_column wpb_content_element\" >\n\t\t<div class=\"wpb_wrapper\">\n\t\t\t<p>Join the Kauss Head Toitu friends club and earn a 12% bonus on every purchase to your customer's account. You can collect and redeem points at all our locations.<u><\/u><u><\/u><\/p>\n\n\t\t<\/div>\n\t<\/div>\n\t\t<\/div>\n\t<\/div>\n<\/div><\/div><\/div><\/div><\/div><\/div><\/div><\/div><div class=\"eltdf-row-grid-section-wrapper\"  ><div class=\"eltdf-row-grid-section\"><div class=\"vc_row wpb_row vc_row-fluid vc_custom_1745918132740 vc_row-has-fill vc_row-o-equal-height vc_row-o-content-top vc_row-flex\" ><div class=\"wpb_column vc_column_container vc_col-sm-12\"><div class=\"vc_column-inner\"><div class=\"wpb_wrapper\"><\/div><\/div><\/div><\/div><\/div><\/div><div class=\"eltdf-row-grid-section-wrapper\"  ><div class=\"eltdf-row-grid-section\"><div class=\"vc_row wpb_row vc_row-fluid vc_custom_1745919004980 vc_row-has-fill vc_row-o-full-height vc_row-o-columns-top vc_row-o-equal-height vc_row-o-content-top vc_row-flex\" ><div class=\"wpb_column vc_column_container vc_col-sm-2\"><div class=\"vc_column-inner\"><div class=\"wpb_wrapper\"><\/div><\/div><\/div><div class=\"wpb_column vc_column_container vc_col-sm-8 vc_col-has-fill\"><div class=\"vc_column-inner vc_custom_1745918876831\"><div class=\"wpb_wrapper\"><h1 style=\"font-size: 40px;color: #ffffff;text-align: left;font-family:custombob;font-weight:400;font-style:normal\" class=\"vc_custom_heading vc_do_custom_heading koostoo-sub-header\" >How it works?<\/h1>\n\t<div class=\"wpb_text_column wpb_content_element vc_custom_1745918773275\" >\n\t\t<div class=\"wpb_wrapper\">\n\t\t\t<ul>\n<li style=\"color: #ffffff; text-align: left;\">Join the loyalty program - it's free and easy!<\/li>\n<li style=\"color: #ffffff; text-align: left;\">Make purchases and collect points for each purchase.<\/li>\n<li style=\"color: #ffffff; text-align: left;\">Use your points to get discounts on future purchases.<\/li>\n<li style=\"color: #ffffff; text-align: left;\">The more points you collect, the bigger discounts you get!<\/li>\n<\/ul>\n\n\t\t<\/div>\n\t<\/div>\n<div class=\"vc_empty_space\"   style=\"height: 32px\"><span class=\"vc_empty_space_inner\"><\/span><\/div><h1 style=\"font-size: 40px;color: #ffffff;text-align: left;font-family:custombob;font-weight:400;font-style:normal\" class=\"vc_custom_heading vc_do_custom_heading koostoo-sub-header\" >Where does it apply?<\/h1>\n\t<div class=\"wpb_text_column wpb_content_element\" >\n\t\t<div class=\"wpb_wrapper\">\n\t\t\t<p><span style=\"color: #ffffff;\">The loyalty program applies in all of our <a style=\"color: #ffffff;\" title=\"asukohad\" href=\"https:\/\/pokebowl.ee\/en\/asukohad\/\">locations<\/a><\/span><\/p>\n\n\t\t<\/div>\n\t<\/div>\n<div class=\"vc_empty_space\"   style=\"height: 32px\"><span class=\"vc_empty_space_inner\"><\/span><\/div><h1 style=\"font-size: 40px;color: #ffffff;text-align: left;font-family:custombob;font-weight:400;font-style:normal\" class=\"vc_custom_heading vc_do_custom_heading koostoo-sub-header\" >How to join?<\/h1>\n\t<div class=\"wpb_text_column wpb_content_element vc_custom_1745229823585\" >\n\t\t<div class=\"wpb_wrapper\">\n\t\t\t<p><span style=\"color: #ffffff;\">Tule meile kohapeale ja sk\u00e4nni telefoniga kassa juures olevat QR koodi v\u00f5i tee seda mugavalt siin.<\/span><\/p>\n\n\t\t<\/div>\n\t<\/div>\n\n\t<div class=\"wpb_text_column wpb_content_element\" >\n\t\t<div class=\"wpb_wrapper\">\n\t\t\t<ul>\n<li style=\"color: #ffffff; text-align: left;\"><span style=\"color: #ffffff;\">Join the loyalty program - it's free and easy!<\/span><\/li>\n<li style=\"color: #ffffff; text-align: left;\"><span style=\"color: #ffffff;\">Make purchases and collect points for each purchase.<\/span><\/li>\n<li style=\"color: #ffffff; text-align: left;\"><span style=\"color: #ffffff;\">Use your points to get discounts on future purchases.<\/span><\/li>\n<li style=\"color: #ffffff; text-align: left;\"><span style=\"color: #ffffff;\">The more points you collect, the bigger discounts you get!<\/span><\/li>\n<\/ul>\n<p><span style=\"color: #ffffff;\"><strong>Join us and reward yourself!<\/strong><\/span><br \/>\n<span style=\"font-weight: 400; color: #ffffff;\">\u00a0<\/span><\/p>\n\n\t\t<\/div>\n\t<\/div>\n<div class=\"vc_btn3-container vc_btn3-inline vc_do_btn\" ><a class=\"vc_general vc_btn3 vc_btn3-size-lg vc_btn3-shape-rounded vc_btn3-style-modern vc_btn3-color-pink\" href=\"https:\/\/poke.compucash5.com\/\" title=\"\">JOIN NOW<\/a><\/div><\/div><\/div><\/div><div class=\"wpb_column vc_column_container vc_col-sm-2\"><div class=\"vc_column-inner\"><div class=\"wpb_wrapper\"><\/div><\/div><\/div><\/div><\/div><\/div><div class=\"vc_row wpb_row vc_row-fluid\" ><div class=\"wpb_column vc_column_container vc_col-sm-12\" id=\"pusikliendiks-asukohad\"><div class=\"vc_column-inner\"><div class=\"wpb_wrapper\"><div class=\"templatera_shortcode\"><style type=\"text\/css\" data-type=\"vc_shortcodes-custom-css\">.vc_custom_1719324177544{margin-left: 0px !important;background-color: rgba(255,255,255,0.01) !important;*background-color: rgb(255,255,255) !important;}.vc_custom_1743680001447{margin-left: 0px !important;background-color: rgba(130,130,130,0.01) !important;*background-color: rgb(130,130,130) !important;}.vc_custom_1743680001447{margin-left: 0px !important;background-color: rgba(130,130,130,0.01) !important;*background-color: rgb(130,130,130) !important;}<\/style><div class=\"eltdf-row-grid-section-wrapper\"  ><div class=\"eltdf-row-grid-section\"><div class=\"vc_row wpb_row vc_row-fluid vc_custom_1719324177544 vc_row-has-fill vc_row-o-content-middle vc_row-flex\" ><div class=\"wpb_column vc_column_container vc_col-sm-3\"><div class=\"vc_column-inner\"><div class=\"wpb_wrapper\"><div class=\"eltdf-icon-list-holder\" >\n\t<div class=\"eltdf-il-icon-holder\">\n\t\t<i class=\"eltdf-icon-font-awesome fa\" style=\"color: #5a5a5a;font-size: 30px\"><\/i>\t<\/div>\n\t<p class=\"eltdf-il-text\" style=\"color: #5a5a5a;font-size: 25px\">Mustam\u00e4e Pok\u00e9<\/p>\n<\/div><div class=\"eltdf-icon-list-holder\" >\n\t<div class=\"eltdf-il-icon-holder\">\n\t\t<i class=\"eltdf-icon-simple-line-icon\" style=\"color: #5a5a5a\"><\/i>\t<\/div>\n\t<p class=\"eltdf-il-text\" ><\/p>\n<\/div><div class=\"eltdf-icon-list-holder\" >\n\t<div class=\"eltdf-il-icon-holder\">\n\t\t<i class=\"eltdf-icon-simple-line-icon icon-location-pin\" style=\"color: #5a5a5a;font-size: 20px\"><\/i>\t<\/div>\n\t<p class=\"eltdf-il-text\" style=\"color: #5a5a5a;font-size: 16px;padding-left: 25px\">Mustam\u00e4e Center, 1st floor<\/p>\n<\/div><div class=\"eltdf-icon-list-holder\" >\n\t<div class=\"eltdf-il-icon-holder\">\n\t\t<i class=\"eltdf-icon-simple-line-icon icon-location-pin\" style=\"color: #5a5a5a;font-size: 20px\"><\/i>\t<\/div>\n\t<p class=\"eltdf-il-text\" style=\"color: #5a5a5a;font-size: 16px;padding-left: 25px\">Tammsaare tee 104a<\/p>\n<\/div><div class=\"eltdf-icon-list-holder\" >\n\t<div class=\"eltdf-il-icon-holder\">\n\t\t<i class=\"eltdf-icon-simple-line-icon icon-phone\" style=\"color: #5a5a5a;font-size: 20px\"><\/i>\t<\/div>\n\t<p class=\"eltdf-il-text\" style=\"color: #5a5a5a;font-size: 16px;padding-left: 25px\">+372 5624 9111<\/p>\n<\/div><div class=\"eltdf-icon-list-holder\" >\n\t<div class=\"eltdf-il-icon-holder\">\n\t\t<i class=\"eltdf-icon-simple-line-icon icon-clock\" style=\"color: #5a5a5a;font-size: 20px\"><\/i>\t<\/div>\n\t<p class=\"eltdf-il-text\" style=\"color: #5a5a5a;font-size: 16px;padding-left: 25px\">MON-SUN 11.00 - 22.00<\/p>\n<\/div><\/div><\/div><\/div><div class=\"wpb_column vc_column_container vc_col-sm-3\"><div class=\"vc_column-inner\"><div class=\"wpb_wrapper\"><div class=\"eltdf-icon-list-holder\" >\n\t<div class=\"eltdf-il-icon-holder\">\n\t\t<i class=\"eltdf-icon-font-awesome fa\" style=\"color: #5a5a5a;font-size: 30px\"><\/i>\t<\/div>\n\t<p class=\"eltdf-il-text\" style=\"color: #5a5a5a;font-size: 25px\">J\u00e4rve Pok\u00e9<\/p>\n<\/div><div class=\"eltdf-icon-list-holder\" >\n\t<div class=\"eltdf-il-icon-holder\">\n\t\t<i class=\"eltdf-icon-simple-line-icon\" style=\"color: #000000;font-size: 10px\"><\/i>\t<\/div>\n\t<p class=\"eltdf-il-text\" ><\/p>\n<\/div><div class=\"eltdf-icon-list-holder\" >\n\t<div class=\"eltdf-il-icon-holder\">\n\t\t<i class=\"eltdf-icon-simple-line-icon icon-location-pin\" style=\"color: #5a5a5a;font-size: 20px\"><\/i>\t<\/div>\n\t<p class=\"eltdf-il-text\" style=\"color: #5a5a5a;padding-left: 25px\">J\u00e4rve Center, across from Selver<\/p>\n<\/div><div class=\"eltdf-icon-list-holder\" >\n\t<div class=\"eltdf-il-icon-holder\">\n\t\t<i class=\"eltdf-icon-simple-line-icon icon-location-pin\" style=\"color: #5a5a5a;font-size: 20px\"><\/i>\t<\/div>\n\t<p class=\"eltdf-il-text\" style=\"color: #5a5a5a;font-size: 16px;padding-left: 25px\">P\u00e4rnu mnt. 238, Tallinn<\/p>\n<\/div><div class=\"eltdf-icon-list-holder\" >\n\t<div class=\"eltdf-il-icon-holder\">\n\t\t<i class=\"eltdf-icon-simple-line-icon icon-phone\" style=\"color: #5a5a5a;font-size: 20px\"><\/i>\t<\/div>\n\t<p class=\"eltdf-il-text\" style=\"color: #5a5a5a;padding-left: 25px\">+372 5810 0525<\/p>\n<\/div><div class=\"eltdf-icon-list-holder\" >\n\t<div class=\"eltdf-il-icon-holder\">\n\t\t<i class=\"eltdf-icon-simple-line-icon icon-clock\" style=\"color: #5a5a5a;font-size: 20px\"><\/i>\t<\/div>\n\t<p class=\"eltdf-il-text\" style=\"color: #5a5a5a;font-size: 16px;padding-left: 25px\">MON-SUN 11.00 - 21.00<\/p>\n<\/div><\/div><\/div><\/div><div class=\"wpb_column vc_column_container vc_col-sm-3\"><div class=\"vc_column-inner\"><div class=\"wpb_wrapper\"><div class=\"eltdf-icon-list-holder\" >\n\t<div class=\"eltdf-il-icon-holder\">\n\t\t<i class=\"eltdf-icon-font-awesome fa\" style=\"color: #5a5a5a;font-size: 30px\"><\/i>\t<\/div>\n\t<p class=\"eltdf-il-text\" style=\"color: #5a5a5a;font-size: 25px\">\u00dclemiste Pok\u00e9<\/p>\n<\/div><div class=\"eltdf-icon-list-holder\" >\n\t<div class=\"eltdf-il-icon-holder\">\n\t\t<i class=\"eltdf-icon-simple-line-icon\" style=\"color: #ffffff\"><\/i>\t<\/div>\n\t<p class=\"eltdf-il-text\" ><\/p>\n<\/div><div class=\"eltdf-icon-list-holder\" >\n\t<div class=\"eltdf-il-icon-holder\">\n\t\t<i class=\"eltdf-icon-simple-line-icon icon-location-pin\" style=\"color: #5a5a5a;font-size: 20px\"><\/i>\t<\/div>\n\t<p class=\"eltdf-il-text\" style=\"color: #5a5a5a;font-size: 16px;padding-left: 25px\">\u00dclemiste Center, 1st floor<\/p>\n<\/div><div class=\"eltdf-icon-list-holder\" >\n\t<div class=\"eltdf-il-icon-holder\">\n\t\t<i class=\"eltdf-icon-simple-line-icon icon-location-pin\" style=\"color: #5a5a5a;font-size: 20px\"><\/i>\t<\/div>\n\t<p class=\"eltdf-il-text\" style=\"color: #5a5a5a;font-size: 16px;padding-left: 25px\">Suur-S\u00f5jam\u00e4e 4, Tallinn<\/p>\n<\/div><div class=\"eltdf-icon-list-holder\" >\n\t<div class=\"eltdf-il-icon-holder\">\n\t\t<i class=\"eltdf-icon-simple-line-icon icon-phone\" style=\"color: #5a5a5a;font-size: 20px\"><\/i>\t<\/div>\n\t<p class=\"eltdf-il-text\" style=\"color: #5a5a5a;font-size: 16px;padding-left: 25px\">+372 5685 6444<\/p>\n<\/div><div class=\"eltdf-icon-list-holder\" >\n\t<div class=\"eltdf-il-icon-holder\">\n\t\t<i class=\"eltdf-icon-simple-line-icon icon-clock\" style=\"color: #5a5a5a;font-size: 20px\"><\/i>\t<\/div>\n\t<p class=\"eltdf-il-text\" style=\"color: #5a5a5a;font-size: 16px;padding-left: 25px\">MON-SUN 10.30 - 21.00<\/p>\n<\/div><\/div><\/div><\/div><div class=\"wpb_column vc_column_container vc_col-sm-3\"><div class=\"vc_column-inner\"><div class=\"wpb_wrapper\"><div class=\"eltdf-icon-list-holder\" >\n\t<div class=\"eltdf-il-icon-holder\">\n\t\t<i class=\"eltdf-icon-font-awesome fa\" style=\"color: #5a5a5a;font-size: 30px\"><\/i>\t<\/div>\n\t<p class=\"eltdf-il-text\" style=\"color: #5a5a5a;font-size: 25px\">Kristiine Pok\u00e9<\/p>\n<\/div><div class=\"eltdf-icon-list-holder\" >\n\t<div class=\"eltdf-il-icon-holder\">\n\t\t<i class=\"eltdf-icon-simple-line-icon\" style=\"color: #ffffff\"><\/i>\t<\/div>\n\t<p class=\"eltdf-il-text\" ><\/p>\n<\/div><div class=\"eltdf-icon-list-holder\" >\n\t<div class=\"eltdf-il-icon-holder\">\n\t\t<i class=\"eltdf-icon-simple-line-icon icon-location-pin\" style=\"color: #5a5a5a;font-size: 20px\"><\/i>\t<\/div>\n\t<p class=\"eltdf-il-text\" style=\"color: #5a5a5a;font-size: 16px;padding-left: 25px\">Kristiine Center, 1st floor<\/p>\n<\/div><div class=\"eltdf-icon-list-holder\" >\n\t<div class=\"eltdf-il-icon-holder\">\n\t\t<i class=\"eltdf-icon-simple-line-icon icon-location-pin\" style=\"color: #5a5a5a;font-size: 20px\"><\/i>\t<\/div>\n\t<p class=\"eltdf-il-text\" style=\"color: #5a5a5a;font-size: 16px;padding-left: 25px\">Endla 45, Tallinn<\/p>\n<\/div><div class=\"eltdf-icon-list-holder\" >\n\t<div class=\"eltdf-il-icon-holder\">\n\t\t<i class=\"eltdf-icon-simple-line-icon icon-phone\" style=\"color: #5a5a5a;font-size: 20px\"><\/i>\t<\/div>\n\t<p class=\"eltdf-il-text\" style=\"color: #5a5a5a;font-size: 16px;padding-left: 25px\">+372 5622 2677<\/p>\n<\/div><div class=\"eltdf-icon-list-holder\" >\n\t<div class=\"eltdf-il-icon-holder\">\n\t\t<i class=\"eltdf-icon-simple-line-icon icon-clock\" style=\"color: #5a5a5a;font-size: 20px\"><\/i>\t<\/div>\n\t<p class=\"eltdf-il-text\" style=\"color: #5a5a5a;font-size: 16px;padding-left: 25px\">MON-SUN 10.00 - 22.00<\/p>\n<\/div><\/div><\/div><\/div><\/div><\/div><\/div><div class=\"eltdf-row-grid-section-wrapper\"  ><div class=\"eltdf-row-grid-section\"><div class=\"vc_row wpb_row vc_row-fluid vc_custom_1743680001447 vc_row-has-fill vc_row-o-equal-height vc_row-o-content-top vc_row-flex\" ><div class=\"wpb_column vc_column_container vc_col-sm-3\"><div class=\"vc_column-inner\"><div class=\"wpb_wrapper\"><div class=\"eltdf-icon-list-holder\" >\n\t<div class=\"eltdf-il-icon-holder\">\n\t\t<i class=\"eltdf-icon-font-awesome fa\" style=\"color: #5a5a5a;font-size: 30px\"><\/i>\t<\/div>\n\t<p class=\"eltdf-il-text\" style=\"color: #5a5a5a;font-size: 25px\">Viru Pok\u00e9<\/p>\n<\/div><div class=\"eltdf-icon-list-holder\" >\n\t<div class=\"eltdf-il-icon-holder\">\n\t\t<i class=\"eltdf-icon-simple-line-icon\" style=\"color: #000000;font-size: 10px\"><\/i>\t<\/div>\n\t<p class=\"eltdf-il-text\" ><\/p>\n<\/div><div class=\"eltdf-icon-list-holder\" >\n\t<div class=\"eltdf-il-icon-holder\">\n\t\t<i class=\"eltdf-icon-simple-line-icon icon-location-pin\" style=\"color: #5a5a5a;font-size: 20px\"><\/i>\t<\/div>\n\t<p class=\"eltdf-il-text\" style=\"color: #5a5a5a;font-size: 16px;padding-left: 25px\">Viru Foodhall<\/p>\n<\/div><div class=\"eltdf-icon-list-holder\" >\n\t<div class=\"eltdf-il-icon-holder\">\n\t\t<i class=\"eltdf-icon-simple-line-icon icon-location-pin\" style=\"color: #5a5a5a;font-size: 20px\"><\/i>\t<\/div>\n\t<p class=\"eltdf-il-text\" style=\"color: #5a5a5a;font-size: 16px;padding-left: 25px\">Viru V\u00e4ljak 4, Tallinn<\/p>\n<\/div><div class=\"eltdf-icon-list-holder\" >\n\t<div class=\"eltdf-il-icon-holder\">\n\t\t<i class=\"eltdf-icon-simple-line-icon icon-phone\" style=\"color: #5a5a5a;font-size: 20px\"><\/i>\t<\/div>\n\t<p class=\"eltdf-il-text\" style=\"color: #5a5a5a;padding-left: 25px\">+372 5611 1650<\/p>\n<\/div><div class=\"eltdf-icon-list-holder\" >\n\t<div class=\"eltdf-il-icon-holder\">\n\t\t<i class=\"eltdf-icon-simple-line-icon icon-clock\" style=\"color: #5a5a5a;font-size: 20px\"><\/i>\t<\/div>\n\t<p class=\"eltdf-il-text\" style=\"color: #5a5a5a;font-size: 16px;padding-left: 25px\">SUN-THU 11.00 - 21.00<\/p>\n<\/div><div class=\"eltdf-icon-list-holder\" >\n\t<div class=\"eltdf-il-icon-holder\">\n\t\t<i class=\"eltdf-icon-simple-line-icon icon-clock\" style=\"color: #5a5a5a;font-size: 20px\"><\/i>\t<\/div>\n\t<p class=\"eltdf-il-text\" style=\"color: #5a5a5a;font-size: 16px;padding-left: 25px\">FRI-SAT 11.00 - 23.00<\/p>\n<\/div><\/div><\/div><\/div><div class=\"wpb_column vc_column_container vc_col-sm-3\"><div class=\"vc_column-inner\"><div class=\"wpb_wrapper\"><div class=\"eltdf-icon-list-holder\" >\n\t<div class=\"eltdf-il-icon-holder\">\n\t\t<i class=\"eltdf-icon-font-awesome fa\" style=\"color: #5a5a5a;font-size: 30px\"><\/i>\t<\/div>\n\t<p class=\"eltdf-il-text\" style=\"color: #5a5a5a;font-size: 25px\">Laagri Pok\u00e9<\/p>\n<\/div><div class=\"eltdf-icon-list-holder\" >\n\t<div class=\"eltdf-il-icon-holder\">\n\t\t<i class=\"eltdf-icon-simple-line-icon\" style=\"color: #000000;font-size: 10px\"><\/i>\t<\/div>\n\t<p class=\"eltdf-il-text\" ><\/p>\n<\/div><div class=\"eltdf-icon-list-holder\" >\n\t<div class=\"eltdf-il-icon-holder\">\n\t\t<i class=\"eltdf-icon-simple-line-icon icon-location-pin\" style=\"color: #5a5a5a;font-size: 20px\"><\/i>\t<\/div>\n\t<p class=\"eltdf-il-text\" style=\"color: #5a5a5a;font-size: 16px;padding-left: 25px\">Vesitammi Selver<\/p>\n<\/div><div class=\"eltdf-icon-list-holder\" >\n\t<div class=\"eltdf-il-icon-holder\">\n\t\t<i class=\"eltdf-icon-simple-line-icon icon-location-pin\" style=\"color: #5a5a5a;font-size: 20px\"><\/i>\t<\/div>\n\t<p class=\"eltdf-il-text\" style=\"color: #5a5a5a;font-size: 16px;padding-left: 25px\">Veskitammi 10, Laagri<\/p>\n<\/div><div class=\"eltdf-icon-list-holder\" >\n\t<div class=\"eltdf-il-icon-holder\">\n\t\t<i class=\"eltdf-icon-simple-line-icon icon-phone\" style=\"color: #5a5a5a;font-size: 20px\"><\/i>\t<\/div>\n\t<p class=\"eltdf-il-text\" style=\"color: #5a5a5a;padding-left: 25px\">+372 5253 981<\/p>\n<\/div><div class=\"eltdf-icon-list-holder\" >\n\t<div class=\"eltdf-il-icon-holder\">\n\t\t<i class=\"eltdf-icon-simple-line-icon icon-clock\" style=\"color: #5a5a5a;font-size: 20px\"><\/i>\t<\/div>\n\t<p class=\"eltdf-il-text\" style=\"color: #5a5a5a;font-size: 16px;padding-left: 25px\">E-P 11.00-19.00<\/p>\n<\/div><\/div><\/div><\/div><div class=\"wpb_column vc_column_container vc_col-sm-3\"><div class=\"vc_column-inner\"><div class=\"wpb_wrapper\"><div class=\"eltdf-icon-list-holder\" >\n\t<div class=\"eltdf-il-icon-holder\">\n\t\t<i class=\"eltdf-icon-font-awesome fa\" style=\"color: #5a5a5a;font-size: 30px\"><\/i>\t<\/div>\n\t<p class=\"eltdf-il-text\" style=\"color: #5a5a5a;font-size: 25px\">Keila Pok\u00e9<\/p>\n<\/div><div class=\"eltdf-icon-list-holder\" >\n\t<div class=\"eltdf-il-icon-holder\">\n\t\t<i class=\"eltdf-icon-simple-line-icon\" style=\"color: #000000;font-size: 10px\"><\/i>\t<\/div>\n\t<p class=\"eltdf-il-text\" ><\/p>\n<\/div><div class=\"eltdf-icon-list-holder\" >\n\t<div class=\"eltdf-il-icon-holder\">\n\t\t<i class=\"eltdf-icon-simple-line-icon icon-location-pin\" style=\"color: #5a5a5a;font-size: 20px\"><\/i>\t<\/div>\n\t<p class=\"eltdf-il-text\" style=\"color: #5a5a5a;font-size: 16px;padding-left: 25px\">Keila Centre, 1st floor<\/p>\n<\/div><div class=\"eltdf-icon-list-holder\" >\n\t<div class=\"eltdf-il-icon-holder\">\n\t\t<i class=\"eltdf-icon-simple-line-icon icon-location-pin\" style=\"color: #5a5a5a;font-size: 20px\"><\/i>\t<\/div>\n\t<p class=\"eltdf-il-text\" style=\"color: #5a5a5a;font-size: 16px;padding-left: 25px\">Harju 2, Keila<\/p>\n<\/div><div class=\"eltdf-icon-list-holder\" >\n\t<div class=\"eltdf-il-icon-holder\">\n\t\t<i class=\"eltdf-icon-simple-line-icon icon-phone\" style=\"color: #5a5a5a;font-size: 20px\"><\/i>\t<\/div>\n\t<p class=\"eltdf-il-text\" style=\"color: #5a5a5a;padding-left: 25px\">+372 58808163<\/p>\n<\/div><div class=\"eltdf-icon-list-holder\" >\n\t<div class=\"eltdf-il-icon-holder\">\n\t\t<i class=\"eltdf-icon-simple-line-icon icon-clock\" style=\"color: #5a5a5a;font-size: 20px\"><\/i>\t<\/div>\n\t<p class=\"eltdf-il-text\" style=\"color: #5a5a5a;font-size: 16px;padding-left: 25px\">MON-SUN 10.00-20.00<\/p>\n<\/div><\/div><\/div><\/div><div class=\"wpb_column vc_column_container vc_col-sm-3\"><div class=\"vc_column-inner\"><div class=\"wpb_wrapper\"><div class=\"eltdf-icon-list-holder\" >\n\t<div class=\"eltdf-il-icon-holder\">\n\t\t<i class=\"eltdf-icon-font-awesome fa\" style=\"color: #5a5a5a;font-size: 30px\"><\/i>\t<\/div>\n\t<p class=\"eltdf-il-text\" style=\"color: #5a5a5a;font-size: 25px\">Kvartali Pok\u00e9<\/p>\n<\/div><div class=\"eltdf-icon-list-holder\" >\n\t<div class=\"eltdf-il-icon-holder\">\n\t\t<i class=\"eltdf-icon-simple-line-icon\" style=\"color: #ffffff\"><\/i>\t<\/div>\n\t<p class=\"eltdf-il-text\" ><\/p>\n<\/div><div class=\"eltdf-icon-list-holder\" >\n\t<div class=\"eltdf-il-icon-holder\">\n\t\t<i class=\"eltdf-icon-simple-line-icon icon-location-pin\" style=\"color: #5a5a5a;font-size: 20px\"><\/i>\t<\/div>\n\t<p class=\"eltdf-il-text\" style=\"color: #5a5a5a;font-size: 16px;padding-left: 25px\">Kvartal Center, 0 floor<\/p>\n<\/div><div class=\"eltdf-icon-list-holder\" >\n\t<div class=\"eltdf-il-icon-holder\">\n\t\t<i class=\"eltdf-icon-simple-line-icon icon-location-pin\" style=\"color: #5a5a5a;font-size: 20px\"><\/i>\t<\/div>\n\t<p class=\"eltdf-il-text\" style=\"color: #5a5a5a;font-size: 16px;padding-left: 25px\">Riia 2, Tartu<\/p>\n<\/div><div class=\"eltdf-icon-list-holder\" >\n\t<div class=\"eltdf-il-icon-holder\">\n\t\t<i class=\"eltdf-icon-simple-line-icon icon-phone\" style=\"color: #5a5a5a;font-size: 20px\"><\/i>\t<\/div>\n\t<p class=\"eltdf-il-text\" style=\"color: #5a5a5a;font-size: 16px;padding-left: 25px\">+372 5623 6331<\/p>\n<\/div><div class=\"eltdf-icon-list-holder\" >\n\t<div class=\"eltdf-il-icon-holder\">\n\t\t<i class=\"eltdf-icon-simple-line-icon icon-clock\" style=\"color: #5a5a5a;font-size: 20px\"><\/i>\t<\/div>\n\t<p class=\"eltdf-il-text\" style=\"color: #5a5a5a;font-size: 16px;padding-left: 25px\">MON-SAT 10.00 - 21.00<\/p>\n<\/div><div class=\"eltdf-icon-list-holder\" >\n\t<div class=\"eltdf-il-icon-holder\">\n\t\t<i class=\"eltdf-icon-simple-line-icon icon-clock\" style=\"color: #5a5a5a;font-size: 20px\"><\/i>\t<\/div>\n\t<p class=\"eltdf-il-text\" style=\"color: #5a5a5a;font-size: 16px;padding-left: 25px\">SUN 10.00 - 20.00<\/p>\n<\/div><\/div><\/div><\/div><\/div><\/div><\/div><div class=\"eltdf-row-grid-section-wrapper\"  ><div class=\"eltdf-row-grid-section\"><div class=\"vc_row wpb_row vc_row-fluid vc_custom_1743680001447 vc_row-has-fill vc_row-o-equal-height vc_row-o-content-top vc_row-flex\" ><div class=\"wpb_column vc_column_container vc_col-sm-3\"><div class=\"vc_column-inner\"><div class=\"wpb_wrapper\"><div class=\"eltdf-icon-list-holder\" >\n\t<div class=\"eltdf-il-icon-holder\">\n\t\t<i class=\"eltdf-icon-font-awesome fa\" style=\"color: #5a5a5a;font-size: 30px\"><\/i>\t<\/div>\n\t<p class=\"eltdf-il-text\" style=\"color: #5a5a5a;font-size: 25px\">Kaubamajaka Pok\u00e9<\/p>\n<\/div><div class=\"eltdf-icon-list-holder\" >\n\t<div class=\"eltdf-il-icon-holder\">\n\t\t<i class=\"eltdf-icon-simple-line-icon\" style=\"color: #000000;font-size: 10px\"><\/i>\t<\/div>\n\t<p class=\"eltdf-il-text\" ><\/p>\n<\/div><div class=\"eltdf-icon-list-holder\" >\n\t<div class=\"eltdf-il-icon-holder\">\n\t\t<i class=\"eltdf-icon-simple-line-icon icon-location-pin\" style=\"color: #5a5a5a;font-size: 20px\"><\/i>\t<\/div>\n\t<p class=\"eltdf-il-text\" style=\"color: #5a5a5a;font-size: 16px;padding-left: 25px\">P\u00e4rnu Kaubamajaka 1st floor<\/p>\n<\/div><div class=\"eltdf-icon-list-holder\" >\n\t<div class=\"eltdf-il-icon-holder\">\n\t\t<i class=\"eltdf-icon-simple-line-icon icon-location-pin\" style=\"color: #5a5a5a;font-size: 20px\"><\/i>\t<\/div>\n\t<p class=\"eltdf-il-text\" style=\"color: #5a5a5a;font-size: 16px;padding-left: 25px\">Papiniidu 8, P\u00e4rnu<\/p>\n<\/div><div class=\"eltdf-icon-list-holder\" >\n\t<div class=\"eltdf-il-icon-holder\">\n\t\t<i class=\"eltdf-icon-simple-line-icon icon-phone\" style=\"color: #5a5a5a;font-size: 20px\"><\/i>\t<\/div>\n\t<p class=\"eltdf-il-text\" style=\"color: #5a5a5a;padding-left: 25px\">+372 5594 1410<\/p>\n<\/div><div class=\"eltdf-icon-list-holder\" >\n\t<div class=\"eltdf-il-icon-holder\">\n\t\t<i class=\"eltdf-icon-simple-line-icon icon-clock\" style=\"color: #5a5a5a;font-size: 20px\"><\/i>\t<\/div>\n\t<p class=\"eltdf-il-text\" style=\"color: #5a5a5a;font-size: 16px;padding-left: 25px\">MON-SUN 10.00-20.00<\/p>\n<\/div><\/div><\/div><\/div><\/div><\/div><\/div><div class=\"vc_row wpb_row vc_row-fluid\" ><div class=\"wpb_column vc_column_container vc_col-sm-12\"><div class=\"vc_column-inner\"><div class=\"wpb_wrapper\"><div class=\"vc_empty_space\"   style=\"height: 32px\"><span class=\"vc_empty_space_inner\"><\/span><\/div><\/div><\/div><\/div><\/div><\/div><\/div><\/div><\/div><\/div>\n<\/div>","protected":false},"excerpt":{"rendered":"Ole Poke p\u00fcsiklient Liitu Kauss Head Toitu s\u00f5prade klubiga ja teeni oma kliendikontole 12% boonust igalt ostult. Punkte saad koguda ja lunastada k\u00f5ikides meie asukohtades. Kuidas see toimib? Liitu lojaalsusprogrammiga \u2013 see on tasuta ja lihtne! Tee oste ja kogu [...]","protected":false},"author":3,"featured_media":0,"parent":0,"menu_order":0,"comment_status":"closed","ping_status":"closed","template":"full-width.php","meta":{"_acf_changed":false,"footnotes":""},"class_list":["post-5215","page","type-page","status-publish","hentry"],"aioseo_notices":[],"acf":[],"_links":{"self":[{"href":"https:\/\/pokebowl.ee\/en\/wp-json\/wp\/v2\/pages\/5215","targetHints":{"allow":["GET"]}}],"collection":[{"href":"https:\/\/pokebowl.ee\/en\/wp-json\/wp\/v2\/pages"}],"about":[{"href":"https:\/\/pokebowl.ee\/en\/wp-json\/wp\/v2\/types\/page"}],"author":[{"embeddable":true,"href":"https:\/\/pokebowl.ee\/en\/wp-json\/wp\/v2\/users\/3"}],"replies":[{"embeddable":true,"href":"https:\/\/pokebowl.ee\/en\/wp-json\/wp\/v2\/comments?post=5215"}],"version-history":[{"count":5,"href":"https:\/\/pokebowl.ee\/en\/wp-json\/wp\/v2\/pages\/5215\/revisions"}],"predecessor-version":[{"id":5868,"href":"https:\/\/pokebowl.ee\/en\/wp-json\/wp\/v2\/pages\/5215\/revisions\/5868"}],"wp:attachment":[{"href":"https:\/\/pokebowl.ee\/en\/wp-json\/wp\/v2\/media?parent=5215"}],"curies":[{"name":"wp","href":"https:\/\/api.w.org\/{rel}","templated":true}]}}