{"id":4393,"date":"2022-11-10T15:48:41","date_gmt":"2022-11-10T13:48:41","guid":{"rendered":"https:\/\/pokebowl.ee\/?page_id=4393"},"modified":"2023-10-25T15:54:42","modified_gmt":"2023-10-25T12:54:42","slug":"tnm","status":"publish","type":"page","link":"https:\/\/pokebowl.ee\/en\/tnm\/","title":{"rendered":"T\u00f5nism\u00e4e"},"content":{"rendered":"<div class=\"wpb-content-wrapper\"><div class=\"vc_row wpb_row vc_row-fluid vc_custom_1667912217901 vc_row-has-fill eltdf-disabled-bg-image-bellow-768\" style=\"background-image: url(https:\/\/pokebowl.ee\/wp-content\/uploads\/2019\/01\/bg-12.png);background-size:cover;background-repeat: no-repeat\"><div class=\"wpb_column vc_column_container vc_col-sm-12\"><div class=\"vc_column-inner\"><div class=\"wpb_wrapper\">\n\t<div class=\"wpb_raw_code wpb_raw_html wpb_content_element\" >\n\t\t<div class=\"wpb_wrapper\">\n\t\t\t\n\t\t<\/div>\n\t<\/div>\n<div class=\"eltdf-row-grid-section-wrapper eltdf-content-aligment-center\" ><div class=\"eltdf-row-grid-section\"><div class=\"vc_row wpb_row vc_inner vc_row-fluid\" ><div class=\"wpb_column vc_column_container vc_col-sm-12\"><div class=\"vc_column-inner\"><div class=\"wpb_wrapper\"><div class=\"eltdf-elements-holder   eltdf-one-column  eltdf-responsive-mode-768\" ><div class=\"eltdf-eh-item   eltdf-horizontal-alignment-center\"  data-item-class=\"eltdf-eh-custom-7247\">\n\t<div class=\"eltdf-eh-item-inner\">\n\t\t<div class=\"eltdf-eh-item-content eltdf-eh-custom-7247\" >\n\t\t\t<a itemprop=\"url\" href=\"https:\/\/pokebowl.ee\/en\/menuu\/\" target=\"_self\" style=\"font-weight: 800;text-transform: capitalize\" class=\"eltdf-btn eltdf-btn-small eltdf-btn-solid eltdf-btn-\"  >\n    <span class=\"eltdf-btn-text\">MEN\u00dc\u00dc JA TOITUMISALANE TEAVE<\/span>\n    <\/a><div class=\"vc_empty_space\"   style=\"height: 32px\"><span class=\"vc_empty_space_inner\"><\/span><\/div>\t\t<\/div>\n\t<\/div>\n<\/div><\/div><div class=\"eltdf-elements-holder   eltdf-one-column  eltdf-responsive-mode-768\" ><div class=\"eltdf-eh-item   eltdf-horizontal-alignment-center\"  data-item-class=\"eltdf-eh-custom-5473\">\n\t<div class=\"eltdf-eh-item-inner\">\n\t\t<div class=\"eltdf-eh-item-content eltdf-eh-custom-5473\" >\n\t\t\t<a itemprop=\"url\" href=\"https:\/\/docs.google.com\/spreadsheets\/d\/1fDEdFUEaLhXo0J5ok11R-R16bzomOKWm\/edit?usp=sharing&#038;ouid=104347840591110782786&#038;rtpof=true&#038;sd=true\" target=\"_self\" style=\"font-weight: 800;text-transform: capitalize\" class=\"eltdf-btn eltdf-btn-small eltdf-btn-solid eltdf-btn-\"  >\n    <span class=\"eltdf-btn-text\">P\u00d5HJALIK TOITEV\u00c4\u00c4RTUSTE JA ALLERGEENIDE TABEL<\/span>\n    <\/a><div class=\"vc_empty_space\"   style=\"height: 32px\"><span class=\"vc_empty_space_inner\"><\/span><\/div>\t\t<\/div>\n\t<\/div>\n<\/div><\/div><div class=\"eltdf-elements-holder   eltdf-one-column  eltdf-responsive-mode-768\" ><div class=\"eltdf-eh-item   eltdf-horizontal-alignment-center\"  data-item-class=\"eltdf-eh-custom-3891\">\n\t<div class=\"eltdf-eh-item-inner\">\n\t\t<div class=\"eltdf-eh-item-content eltdf-eh-custom-3891\" >\n\t\t\t<a itemprop=\"url\" href=\"https:\/\/pokebowl.ee\/en\/arikliendile\/\" target=\"_self\" style=\"font-weight: 800;text-transform: capitalize\" class=\"eltdf-btn eltdf-btn-medium eltdf-btn-solid eltdf-btn-\"  >\n    <span class=\"eltdf-btn-text\">POKE \u00c4RIKLIENDILE<\/span>\n    <\/a><div class=\"vc_empty_space\"   style=\"height: 32px\"><span class=\"vc_empty_space_inner\"><\/span><\/div>\t\t<\/div>\n\t<\/div>\n<\/div><\/div><div class=\"eltdf-elements-holder   eltdf-one-column  eltdf-responsive-mode-768\" ><div class=\"eltdf-eh-item   eltdf-horizontal-alignment-center\"  data-item-class=\"eltdf-eh-custom-5917\">\n\t<div class=\"eltdf-eh-item-inner\">\n\t\t<div class=\"eltdf-eh-item-content eltdf-eh-custom-5917\" >\n\t\t\t<a itemprop=\"url\" href=\"https:\/\/g.page\/r\/CVfHOjP8ZnkgEAI\/review\" target=\"_self\" style=\"font-weight: 800;text-transform: capitalize\" class=\"eltdf-btn eltdf-btn-medium eltdf-btn-solid eltdf-btn-\"  >\n    <span class=\"eltdf-btn-text\">J\u00c4TA OMA ARVAMUS<\/span>\n    <\/a><div class=\"vc_empty_space\"   style=\"height: 32px\"><span class=\"vc_empty_space_inner\"><\/span><\/div>\t\t<\/div>\n\t<\/div>\n<\/div><\/div><\/div><\/div><\/div><\/div><\/div><\/div><div class=\"vc_row wpb_row vc_inner vc_row-fluid eltdf-content-aligment-center\" ><div class=\"wpb_column vc_column_container vc_col-sm-12 vc_col-has-fill\"><div class=\"vc_column-inner vc_custom_1667912336279\"><div class=\"wpb_wrapper\">\n\t<div  class=\"wpb_single_image wpb_content_element vc_align_center wpb_content_element\">\n\t\t\n\t\t<figure class=\"wpb_wrapper vc_figure\">\n\t\t\t<div class=\"vc_single_image-wrapper   vc_box_border_grey\"><img loading=\"lazy\" decoding=\"async\" width=\"225\" height=\"107\" src=\"https:\/\/pokebowl.ee\/wp-content\/uploads\/2022\/11\/MEZE-web-logo.png\" class=\"vc_single_image-img attachment-medium\" alt=\"\" title=\"MEZE web logo\" \/><\/div>\n\t\t<\/figure>\n\t<\/div>\n<div class=\"vc_empty_space\"   style=\"height: 20px\"><span class=\"vc_empty_space_inner\"><\/span><\/div><div class=\"eltdf-elements-holder   eltdf-one-column  eltdf-responsive-mode-768\" ><div class=\"eltdf-eh-item\"  data-item-class=\"eltdf-eh-custom-1230\">\n\t<div class=\"eltdf-eh-item-inner\">\n\t\t<div class=\"eltdf-eh-item-content eltdf-eh-custom-1230\" >\n\t\t\t<a itemprop=\"url\" href=\"https:\/\/meze.ee\/#menu\" target=\"_self\" style=\"color: #ffffff;background-color: #fcb415;font-weight: 800;text-transform: capitalize\" class=\"eltdf-btn eltdf-btn-medium eltdf-btn-solid eltdf-btn-\"  >\n    <span class=\"eltdf-btn-text\">MEZE MEN\u00dc\u00dc JA ALLERGEENID<\/span>\n    <\/a><div class=\"vc_empty_space\"   style=\"height: 32px\"><span class=\"vc_empty_space_inner\"><\/span><\/div>\t\t<\/div>\n\t<\/div>\n<\/div><\/div><div class=\"eltdf-elements-holder   eltdf-one-column  eltdf-responsive-mode-768\" ><div class=\"eltdf-eh-item\"  data-item-class=\"eltdf-eh-custom-3630\">\n\t<div class=\"eltdf-eh-item-inner\">\n\t\t<div class=\"eltdf-eh-item-content eltdf-eh-custom-3630\" >\n\t\t\t<a itemprop=\"url\" href=\"https:\/\/g.page\/r\/Cey03cGKIMOPEB0\/review\" target=\"_self\" style=\"color: #ffffff;background-color: #fcb415;font-weight: 800;text-transform: capitalize\" class=\"eltdf-btn eltdf-btn-medium eltdf-btn-solid eltdf-btn-\"  >\n    <span class=\"eltdf-btn-text\">J\u00c4TA OMA ARVAMUS<\/span>\n    <\/a><div class=\"vc_empty_space\"   style=\"height: 32px\"><span class=\"vc_empty_space_inner\"><\/span><\/div>\t\t<\/div>\n\t<\/div>\n<\/div><\/div><\/div><\/div><\/div><\/div><\/div><\/div><\/div><\/div>\n<\/div>","protected":false},"excerpt":{"rendered":"MEN\u00dc\u00dc JA TOITUMISALANE TEAVE P\u00d5HJALIK TOITEV\u00c4\u00c4RTUSTE JA ALLERGEENIDE TABEL POKE \u00c4RIKLIENDILE J\u00c4TA OMA ARVAMUS MEZE MEN\u00dc\u00dc JA ALLERGEENID J\u00c4TA OMA ARVAMUS","protected":false},"author":3,"featured_media":0,"parent":0,"menu_order":0,"comment_status":"closed","ping_status":"closed","template":"full-width.php","meta":{"_acf_changed":false,"footnotes":""},"class_list":["post-4393","page","type-page","status-publish","hentry"],"aioseo_notices":[],"acf":[],"_links":{"self":[{"href":"https:\/\/pokebowl.ee\/en\/wp-json\/wp\/v2\/pages\/4393","targetHints":{"allow":["GET"]}}],"collection":[{"href":"https:\/\/pokebowl.ee\/en\/wp-json\/wp\/v2\/pages"}],"about":[{"href":"https:\/\/pokebowl.ee\/en\/wp-json\/wp\/v2\/types\/page"}],"author":[{"embeddable":true,"href":"https:\/\/pokebowl.ee\/en\/wp-json\/wp\/v2\/users\/3"}],"replies":[{"embeddable":true,"href":"https:\/\/pokebowl.ee\/en\/wp-json\/wp\/v2\/comments?post=4393"}],"version-history":[{"count":0,"href":"https:\/\/pokebowl.ee\/en\/wp-json\/wp\/v2\/pages\/4393\/revisions"}],"wp:attachment":[{"href":"https:\/\/pokebowl.ee\/en\/wp-json\/wp\/v2\/media?parent=4393"}],"curies":[{"name":"wp","href":"https:\/\/api.w.org\/{rel}","templated":true}]}}