{"id":3453,"date":"2020-12-11T11:58:25","date_gmt":"2020-12-11T09:58:25","guid":{"rendered":"https:\/\/pokebowl.ee\/?page_id=3453"},"modified":"2021-01-07T09:09:55","modified_gmt":"2021-01-07T07:09:55","slug":"kauss-head-toitu-soprade-klubi","status":"publish","type":"page","link":"https:\/\/pokebowl.ee\/en\/kauss-head-toitu-soprade-klubi\/","title":{"rendered":"Bonus Program"},"content":{"rendered":"<div class=\"wpb-content-wrapper\"><div data-parallax-bg-image=\"https:\/\/pokebowl.ee\/wp-content\/uploads\/2020\/12\/bg_catering.png\" data-parallax-bg-speed=\"1\" class=\"vc_row wpb_row vc_row-fluid eltdf-parallax-row-holder eltdf-content-aligment-left\" style=\"background-image: url(https:\/\/pokebowl.ee\/wp-content\/uploads\/2020\/12\/bg_catering.png);background-repeat: no-repeat\"><div class=\"wpb_column vc_column_container vc_col-sm-4\"><div class=\"vc_column-inner\"><div class=\"wpb_wrapper\"><\/div><\/div><\/div><div class=\"wpb_column vc_column_container vc_col-sm-4\"><div class=\"vc_column-inner\"><div class=\"wpb_wrapper\"><div class=\"eltdf-section-title-holder  eltdf-st-standard eltdf-st-title-left eltdf-st-normal-space\" style=\"text-align: center\">\n\t\t\t<div class=\"eltdf-section-title-image\">\n\t\t\t<img decoding=\"async\" src=\"https:\/\/pokebowl.ee\/wp-content\/uploads\/2021\/01\/Lohekauss_w.png\" alt=\"section-title-image\">\n\t\t<\/div>\n\t\t<div class=\"eltdf-st-inner\">\n\t\t\t\t\t<h1 class=\"eltdf-st-title\" >\n\t\t\t\tA BOWL OF GOOD FOOD friends club\t\t\t<\/h1>\n\t\t\t\t\t<\/div>\n<\/div><div class=\"vc_empty_space\"   style=\"height: 32px\"><span class=\"vc_empty_space_inner\"><\/span><\/div>\n\t<div class=\"wpb_text_column wpb_content_element\" >\n\t\t<div class=\"wpb_wrapper\">\n\t\t\t<p>If your taste buds are crying out for a fresh and healthy bowl of good food, then you are perfect for becoming a member of our club. All A BOWL OF GOOD FOOD club members can<\/p>\n\n\t\t<\/div>\n\t<\/div>\n<div class=\"vc_empty_space\"   style=\"height: 15px\"><span class=\"vc_empty_space_inner\"><\/span><\/div><div class=\"eltdf-icon-list-holder\" >\n\t<div class=\"eltdf-il-icon-holder\">\n\t\t<i class=\"eltdf-icon-font-awesome fa fa-circle\" style=\"color: #f08fae\"><\/i>\t<\/div>\n\t<p class=\"eltdf-il-text\" >12% bonus on your purchases, which you can use to pay for food<\/p>\n<\/div><div class=\"vc_empty_space\"   style=\"height: 5px\"><span class=\"vc_empty_space_inner\"><\/span><\/div><div class=\"eltdf-icon-list-holder\" >\n\t<div class=\"eltdf-il-icon-holder\">\n\t\t<i class=\"eltdf-icon-font-awesome fa fa-circle\" style=\"color: #f08fae\"><\/i>\t<\/div>\n\t<p class=\"eltdf-il-text\" >conveniently use an ID card as a discount card<\/p>\n<\/div><div class=\"vc_empty_space\"   style=\"height: 5px\"><span class=\"vc_empty_space_inner\"><\/span><\/div><div class=\"eltdf-icon-list-holder\" >\n\t<div class=\"eltdf-il-icon-holder\">\n\t\t<i class=\"eltdf-icon-font-awesome fa fa-circle\" style=\"color: #f08fae\"><\/i>\t<\/div>\n\t<p class=\"eltdf-il-text\" >and of course be the first to know about good offers<\/p>\n<\/div><div class=\"vc_empty_space\"   style=\"height: 15px\"><span class=\"vc_empty_space_inner\"><\/span><\/div>\n\t<div class=\"wpb_text_column wpb_content_element\" >\n\t\t<div class=\"wpb_wrapper\">\n\t\t\t<p>Would you like more information? Check <span style=\"color: #f08fae;\"><a style=\"color: #f08fae;\" href=\"https:\/\/pokebowl.ee\/en\/uldtingimused\/\">the general conditions of the loyalty program here.<\/a><\/span>.<\/p>\n\n\t\t<\/div>\n\t<\/div>\n<div class=\"vc_empty_space\"   style=\"height: 15px\"><span class=\"vc_empty_space_inner\"><\/span><\/div>\n\t<div class=\"wpb_text_column wpb_content_element\" >\n\t\t<div class=\"wpb_wrapper\">\n\t\t\t<p>You can join the loyalty program in all Poke Bowls - ask for the membership page on site.<\/p>\n\n\t\t<\/div>\n\t<\/div>\n<div class=\"vc_empty_space\"   style=\"height: 15px\"><span class=\"vc_empty_space_inner\"><\/span><\/div><\/div><\/div><\/div><div class=\"wpb_column vc_column_container vc_col-sm-4\"><div class=\"vc_column-inner\"><div class=\"wpb_wrapper\"><\/div><\/div><\/div><\/div>\n<\/div>","protected":false},"excerpt":{"rendered":"KAUSS HEAD TOITU s\u00f5prade klubi Kui Sinu maitsemeeled h\u00fc\u00fcavad v\u00e4rske ja tervisliku kausi hea toidu j\u00e4rele, siis Sa sobid suurep\u00e4raselt meie klubi liikmeks. K\u00f5ik KAUSS HEAD TOITU klubi liikmed saavad oma ostudelt 12% boonust, mida saad kasutada toitude eest tasumiseks [...]","protected":false},"author":3,"featured_media":0,"parent":0,"menu_order":0,"comment_status":"closed","ping_status":"closed","template":"full-width.php","meta":{"_acf_changed":false,"footnotes":""},"class_list":["post-3453","page","type-page","status-publish","hentry"],"aioseo_notices":[],"acf":[],"_links":{"self":[{"href":"https:\/\/pokebowl.ee\/en\/wp-json\/wp\/v2\/pages\/3453","targetHints":{"allow":["GET"]}}],"collection":[{"href":"https:\/\/pokebowl.ee\/en\/wp-json\/wp\/v2\/pages"}],"about":[{"href":"https:\/\/pokebowl.ee\/en\/wp-json\/wp\/v2\/types\/page"}],"author":[{"embeddable":true,"href":"https:\/\/pokebowl.ee\/en\/wp-json\/wp\/v2\/users\/3"}],"replies":[{"embeddable":true,"href":"https:\/\/pokebowl.ee\/en\/wp-json\/wp\/v2\/comments?post=3453"}],"version-history":[{"count":0,"href":"https:\/\/pokebowl.ee\/en\/wp-json\/wp\/v2\/pages\/3453\/revisions"}],"wp:attachment":[{"href":"https:\/\/pokebowl.ee\/en\/wp-json\/wp\/v2\/media?parent=3453"}],"curies":[{"name":"wp","href":"https:\/\/api.w.org\/{rel}","templated":true}]}}