{"id":3371,"date":"2020-10-25T15:57:23","date_gmt":"2020-10-25T13:57:23","guid":{"rendered":"https:\/\/pokebowl.ee\/?page_id=3371"},"modified":"2025-03-06T10:14:18","modified_gmt":"2025-03-06T08:14:18","slug":"uldtingimused","status":"publish","type":"page","link":"https:\/\/pokebowl.ee\/en\/uldtingimused\/","title":{"rendered":"KAUSS HEAD TOITU s\u00f5prade klubi \u00dcldtingimused"},"content":{"rendered":"<div class=\"wpb-content-wrapper\"><div data-parallax-bg-image=\"https:\/\/pokebowl.ee\/wp-content\/uploads\/2020\/12\/bg_catering.png\" data-parallax-bg-speed=\"1\" class=\"vc_row wpb_row vc_row-fluid eltdf-parallax-row-holder\" style=\"background-image: url(https:\/\/pokebowl.ee\/wp-content\/uploads\/2020\/12\/bg_catering.png);background-repeat: no-repeat\"><div class=\"wpb_column vc_column_container vc_col-sm-12\"><div class=\"vc_column-inner\"><div class=\"wpb_wrapper\"><div class=\"eltdf-section-title-holder  eltdf-st-standard eltdf-st-title-left eltdf-st-normal-space\" >\n\t\t<div class=\"eltdf-st-inner\">\n\t\t\t\t\t<h1 class=\"eltdf-st-title\" >\n\t\t\t\tKAUSS HEAD TOITU s\u00f5prade klubi \u00dcldtingimused\t\t\t<\/h1>\n\t\t\t\t\t<\/div>\n<\/div><div class=\"vc_empty_space\"   style=\"height: 20px\"><span class=\"vc_empty_space_inner\"><\/span><\/div>\n\t<div class=\"wpb_text_column wpb_content_element\" >\n\t\t<div class=\"wpb_wrapper\">\n\t\t\t<p class=\"p1\"><span style=\"font-family: Verdana, Geneva; font-size: 10pt;\"><b>LOJAALSUSPROGRAMMI \u00dcLDTINGIMUSED<\/b><b><\/b><\/span><\/p>\n<p class=\"p3\"><span style=\"font-family: Verdana, Geneva; font-size: 10pt;\"><b>1. LEPINGU SISU<\/b><b><\/b><\/span><\/p>\n<p class=\"p4\"><span style=\"font-family: Verdana, Geneva; font-size: 10pt;\">1.1 K\u00e4esolevas dokumendis sisalduvad Kukumber O\u00dc lojaalsusprogrammi <span class=\"s1\"><b>BOWL OF GOOD FOOD<\/b><\/span> s\u00f5prade klubi liikmetele kehtivad \u00fcldtingimused (edaspidi: <span class=\"s1\"><b>Leping<\/b><\/span>) teenusepakkuja (edaspidi: <span class=\"s1\"><b>Korraldaja<\/b><\/span>) ning lojaalsusprogrammiga liitunu (edaspidi: <span class=\"s1\"><b>Klient<\/b><\/span>) vahel.<\/span><\/p>\n<p class=\"p3\"><span style=\"font-family: Verdana, Geneva; font-size: 10pt;\"><b>2. LIITUMINE JA LIIKMELISUS<\/b><b><\/b><\/span><\/p>\n<p class=\"p4\"><span style=\"font-family: Verdana, Geneva; font-size: 10pt;\">2.1 <span class=\"s1\"><b>BOWL OF GOOD FOOD<\/b><\/span> s\u00f5prade klubi lojaalsusprogrammiga saavad liituda k\u00f5ik soovijad, kes registreerivad end lojaalsusprogrammi:<\/span><\/p>\n<p class=\"p5\"><span style=\"font-family: Verdana, Geneva; font-size: 10pt;\">\u2022<span class=\"s1\"><b>ID-kaardi alusel<\/b><\/span> (Eesti Vabariigi kodanikud, kes annavad n\u00f5usoleku ID-kaardi p\u00f5hisele tuvastamisele).<\/span><\/p>\n<p class=\"p5\"><span style=\"font-family: Verdana, Geneva; font-size: 10pt;\">\u2022<span class=\"s1\"><b>Apple Walleti v\u00f5i Android Walleti kaudu<\/b><\/span>, sisestades oma nime, e-posti ja s\u00fcnniaja.\u00a0<\/span><\/p>\n<p class=\"p4\"><span style=\"font-family: Verdana, Geneva; font-size: 10pt;\">2.2 Lojaalsusprogrammi liikmeks astumine on tasuta.<\/span><\/p>\n<p class=\"p4\"><span style=\"font-family: Verdana, Geneva; font-size: 10pt;\">2.3 Lojaalsusprogrammi liikmeks saab registreerida:<\/span><\/p>\n<p class=\"p5\"><span style=\"font-family: Verdana, Geneva; font-size: 10pt;\">\u2022Programmis osalevates ettev\u00f5tetes kohapeal.<\/span><\/p>\n<p class=\"p5\"><span style=\"font-family: Verdana, Geneva; font-size: 10pt;\">\u2022Veebilehel www.pokebowl.ee<\/span><\/p>\n<p class=\"p5\"><span style=\"font-family: Verdana, Geneva; font-size: 10pt;\">\u2022E-maili teel.<\/span><\/p>\n<p class=\"p4\"><span style=\"font-family: Verdana, Geneva; font-size: 10pt;\">2.4 Liitudes lojaalsusprogrammiga kinnitab Klient, et ta on tutvunud ja n\u00f5ustub tingimustega.<\/span><\/p>\n<p class=\"p4\"><span style=\"font-family: Verdana, Geneva; font-size: 10pt;\">2.5 Klient vastutab registreerimisel esitatud andmete \u00f5igsuse eest. Andmete muutmisel tuleb sellest teenusepakkujat teavitada.<\/span><\/p>\n<p class=\"p4\"><span style=\"font-family: Verdana, Geneva; font-size: 10pt;\">2.6 <span class=\"s1\"><b>Liikmelisus on t\u00e4htajatu<\/b><\/span>, kuid kui klient ei ole 24 kuu jooksul \u00fchtegi ostu sooritanud, kustutatakse tema andmed.<\/span><\/p>\n<p class=\"p4\"><span style=\"font-family: Verdana, Geneva; font-size: 10pt;\">2.7 Lojaalsusprogrammi eeliste kasutamiseks saab tuvastamine toimuda <span class=\"s1\"><b>ID-kaardi, Apple Walleti v\u00f5i Android Walleti kaudu<\/b><\/span>.<\/span><\/p>\n<p class=\"p6\"><span style=\"font-family: Verdana, Geneva; font-size: 10pt;\"><span class=\"s2\">2.8 <\/span><b>Lojaalsusprogrammiga liitumiseks vajalikud andmed:<\/b><b><\/b><\/span><\/p>\n<p class=\"p5\"><span style=\"font-family: Verdana, Geneva; font-size: 10pt;\">\u2022Ees- ja perekonnanimi<\/span><\/p>\n<p class=\"p5\"><span style=\"font-family: Verdana, Geneva; font-size: 10pt;\">\u2022E-posti aadress<\/span><\/p>\n<p class=\"p5\"><span style=\"font-family: Verdana, Geneva; font-size: 10pt;\">\u2022S\u00fcnniaeg<\/span><\/p>\n<p class=\"p5\"><span style=\"font-family: Verdana, Geneva; font-size: 10pt;\">\u2022ID-kaardi number (ainult ID-kaardi liitumise korral)<\/span><\/p>\n<p class=\"p5\"><span style=\"font-family: Verdana, Geneva; font-size: 10pt;\">\u2022Kinnitus tingimustega n\u00f5ustumise kohta<\/span><\/p>\n<p class=\"p5\"><span style=\"font-family: Verdana, Geneva; font-size: 10pt;\">\u2022Kinnitus isikuandmete t\u00f6\u00f6tlemise kohta<\/span><\/p>\n<p class=\"p3\"><span style=\"font-family: Verdana, Geneva; font-size: 10pt;\"><b>3. LOJAALSUSPROGRAMMI EELISED<\/b><b><\/b><\/span><\/p>\n<p class=\"p4\"><span style=\"font-family: Verdana, Geneva; font-size: 10pt;\">3.1 S\u00f6\u00f6gikohtades kohapeal ostetud t\u00e4ishinnaga toitude (eelroad, pearoad, kausid, vahepalad, pitsad, picod, magustoidud) l\u00f5ppmaksumusest koguneb <span class=\"s1\"><b>Kliendi kontole 12% boonust<\/b><\/span>. Kogunenud boonust saab kasutada ainult toitude eest tasumiseks. Jookidele ja muudele toodetele boonuse kogumine ja kasutamine ei laiene.<\/span><\/p>\n<p class=\"p4\"><span style=\"font-family: Verdana, Geneva; font-size: 10pt;\">3.2 P\u00fcsikliendipakkumised ja erihinnad.<\/span><\/p>\n<p class=\"p4\"><span style=\"font-family: Verdana, Geneva; font-size: 10pt;\">3.3 Teavitused uute toodete ja soodustuste kohta.<\/span><\/p>\n<p class=\"p4\"><span style=\"font-family: Verdana, Geneva; font-size: 10pt;\">3.4 Erikampaaniad ja personaalsed pakkumised.<\/span><\/p>\n<p class=\"p4\"><span style=\"font-family: Verdana, Geneva; font-size: 10pt;\">3.5 Lojaalsusprogrammi liikmed v\u00f5ivad saada <span class=\"s1\"><b>push-teavitusi<\/b><\/span>, mis annavad infot eripakkumiste, uute toodete ja muude eksklusiivsete kampaaniate kohta.<\/span><\/p>\n<p class=\"p3\"><span style=\"font-family: Verdana, Geneva; font-size: 10pt;\"><b>4. LIIKMELISUSE L\u00d5PETAMINE<\/b><b><\/b><\/span><\/p>\n<p class=\"p4\"><span style=\"font-family: Verdana, Geneva; font-size: 10pt;\">4.1 Klient saab oma liikmelisuse igal ajal l\u00f5petada, saates vastavasisulise avalduse e-mailile <span class=\"s1\"><b>info@pokebowl.ee<\/b><\/span> v\u00f5i esitades selle programmiga liitunud ettev\u00f5ttes.<\/span><\/p>\n<p class=\"p4\"><span style=\"font-family: Verdana, Geneva; font-size: 10pt;\">4.2 Liikmelisuse l\u00f5petamisega kaotab Klient k\u00f5ik liikmelisusest tulenevad \u00f5igused, sealhulgas kogunenud boonuse.<\/span><\/p>\n<p class=\"p3\"><span style=\"font-family: Verdana, Geneva; font-size: 10pt;\"><b>5. BOONUSS\u00dcSTEEM<\/b><b><\/b><\/span><\/p>\n<p class=\"p4\"><span style=\"font-family: Verdana, Geneva; font-size: 10pt;\">5.1 Boonust saab kasutada maksevahendina vaid lojaalsusprogrammiga liitunud ettev\u00f5tetes (<span class=\"s1\"><b>Poke Bowl, Meze, J\u00f8rgen Pitsa<\/b><\/span>).<\/span><\/p>\n<p class=\"p4\"><span style=\"font-family: Verdana, Geneva; font-size: 10pt;\">5.2 Boonust ei saa v\u00e4lja v\u00f5tta sularahas ega kanda pangakontole.<\/span><\/p>\n<p class=\"p4\"><span style=\"font-family: Verdana, Geneva; font-size: 10pt;\">5.3 Boonus ei kogu intressi.<\/span><\/p>\n<p class=\"p4\"><span style=\"font-family: Verdana, Geneva; font-size: 10pt;\">5.4 Kogunenud boonust saab kasutada ainult konto omanik, seda ei saa \u00fcle anda ega jagada.<\/span><\/p>\n<p class=\"p4\"><span style=\"font-family: Verdana, Geneva; font-size: 10pt;\">5.5 Boonuss\u00fcsteem ei laiene teistele soodustustele.<\/span><\/p>\n<p class=\"p4\"><span style=\"font-family: Verdana, Geneva; font-size: 10pt;\">5.6 <span class=\"s1\"><b>Boonus aegub kalendriaasta l\u00f5pus<\/b><\/span> ja ei kandu \u00fcle j\u00e4rgmisesse aastasse.<\/span><\/p>\n<p class=\"p3\"><span style=\"font-family: Verdana, Geneva; font-size: 10pt;\"><b>6. ISIKUANDMETE T\u00d6\u00d6TLEMINE<\/b><b><\/b><\/span><\/p>\n<p class=\"p4\"><span style=\"font-family: Verdana, Geneva; font-size: 10pt;\">6.1 Lojaalsusprogrammi liikmeks astudes annab Klient Korraldajale n\u00f5usoleku oma isikuandmete t\u00f6\u00f6tlemiseks, sealhulgas:<\/span><\/p>\n<p class=\"p5\"><span style=\"font-family: Verdana, Geneva; font-size: 10pt;\">\u2022Identiteedi kontrollimiseks.<\/span><\/p>\n<p class=\"p5\"><span style=\"font-family: Verdana, Geneva; font-size: 10pt;\">\u2022Lojaalsusprogrammi haldamiseks.<\/span><\/p>\n<p class=\"p5\"><span style=\"font-family: Verdana, Geneva; font-size: 10pt;\">\u2022Kliendiga \u00fchenduse v\u00f5tmiseks (sh info ja pakkumiste saatmiseks).<\/span><\/p>\n<p class=\"p5\"><span style=\"font-family: Verdana, Geneva; font-size: 10pt;\">\u2022Ostutehingutega seotud k\u00fcsimuste lahendamiseks.<\/span><\/p>\n<p class=\"p5\"><span style=\"font-family: Verdana, Geneva; font-size: 10pt;\">\u2022Push-teavituste edastamiseks.<\/span><\/p>\n<p class=\"p4\"><span style=\"font-family: Verdana, Geneva; font-size: 10pt;\">6.2 Korraldaja ei jaga Kliendi isikuandmeid kolmandatele osapooltele ilma Kliendi n\u00f5usolekuta, v\u00e4lja arvatud juhul, kui see on vajalik lojaalsusprogrammi toimimiseks v\u00f5i seadusest tulenevate kohustuste t\u00e4itmiseks.<\/span><\/p>\n<p class=\"p4\"><span style=\"font-family: Verdana, Geneva; font-size: 10pt;\">6.3 Klient v\u00f5ib oma isikuandmete t\u00f6\u00f6tlemise n\u00f5usoleku igal ajal t\u00fchistada, saates avalduse <span class=\"s1\"><b>info@pokebowl.ee<\/b><\/span>. N\u00f5usoleku t\u00fchistamine t\u00e4hendab liikmelisuse l\u00f5ppemist ja k\u00f5ikide kogunenud boonuste kaotamist.<\/span><\/p>\n<p class=\"p4\"><span style=\"font-family: Verdana, Geneva; font-size: 10pt;\">6.4 Kliendil on \u00f5igus k\u00fcsida koopiat oma andmetest, saates vastavasisulise taotluse digitaalselt allkirjastatuna aadressile <span class=\"s1\"><b>info@pokebowl.ee<\/b><\/span>.<\/span><\/p>\n<p class=\"p4\"><span style=\"font-family: Verdana, Geneva; font-size: 10pt;\">6.5 Korraldaja t\u00f6\u00f6tleb isikuandmeid allj\u00e4rgnevatel eesm\u00e4rkidel:<\/span><\/p>\n<p class=\"p5\"><span style=\"font-family: Verdana, Geneva; font-size: 10pt;\">\u2022Lojaalsusprogrammiga seotud konto haldamine.<\/span><\/p>\n<p class=\"p5\"><span style=\"font-family: Verdana, Geneva; font-size: 10pt;\">\u2022Lojaalsusprogrammiga seotud info edastamine.<\/span><\/p>\n<p class=\"p5\"><span style=\"font-family: Verdana, Geneva; font-size: 10pt;\">\u2022Teenuse haldamine ja arendamine.<\/span><\/p>\n<p class=\"p5\"><span style=\"font-family: Verdana, Geneva; font-size: 10pt;\">\u2022Seadusest tulenevate kohustuste t\u00e4itmine.<\/span><\/p>\n<p class=\"p3\"><span style=\"font-family: Verdana, Geneva; font-size: 10pt;\"><b>7. KAEBUSED JA VAIDLUSED<\/b><b><\/b><\/span><\/p>\n<p class=\"p4\"><span style=\"font-family: Verdana, Geneva; font-size: 10pt;\">7.1 Ostudega seotud kaebuste esitamisel peab Klient esitama ostut\u0161eki v\u00f5i konto v\u00e4ljav\u00f5tte, mis t\u00f5endab tehingu aega, summat ja sisu.<\/span><\/p>\n<p class=\"p4\"><span style=\"font-family: Verdana, Geneva; font-size: 10pt;\">7.2 Vaidlused lahendatakse l\u00e4bir\u00e4\u00e4kimiste teel. Kui kokkuleppele ei j\u00f5uta, lahendatakse vaidlus <span class=\"s1\"><b>Harju Maakohtus<\/b><\/span>.<\/span><\/p>\n<p class=\"p4\"><span style=\"font-family: Verdana, Geneva; font-size: 10pt;\">7.3 Lojaalsusprogrammi reeglite rikkumisel, kuritarvitamisel v\u00f5i v\u00e4\u00e4ramatu j\u00f5u korral on Korraldajal \u00f5igus lojaalsusprogramm \u00fchepoolselt l\u00f5petada ning annulleerida Kliendi kogunenud boonus.<\/span><\/p>\n<p class=\"p4\"><span style=\"font-family: Verdana, Geneva; font-size: 10pt;\">7.4 Korraldajal on \u00f5igus tingimusi muuta, teavitades sellest e-maili v\u00f5i kodulehe kaudu. Uuendatud tingimused on alati k\u00e4ttesaadavad aadressil <span class=\"s1\"><b>www.pokebowl.ee\/uldtingimused<\/b><\/span>.<\/span><\/p>\n<p class=\"p4\"><span style=\"font-family: Verdana, Geneva; font-size: 10pt;\">K\u00f5ik pretensioonid palume esitada:<\/span><\/p>\n<p class=\"p6\"><span style=\"font-family: Verdana, Geneva; font-size: 10pt;\">Kukumber O\u00dc, <\/span><span style=\"font-family: Verdana, Geneva; font-size: 10pt;\">info@pokebowl.ee, <\/span><span style=\"font-family: Verdana, Geneva; font-size: 10pt;\">+372 5673 3155, <\/span><span style=\"font-family: Verdana, Geneva; font-size: 10pt;\">Toompuiestee 13\/2-4, Tallinn, Harjumaa 10136<\/span><\/p>\n\n\t\t<\/div>\n\t<\/div>\n<\/div><\/div><\/div><\/div>\n<\/div>","protected":false},"excerpt":{"rendered":"KAUSS HEAD TOITU s\u00f5prade klubi \u00dcldtingimused LOJAALSUSPROGRAMMI \u00dcLDTINGIMUSED 1. LEPINGU SISU 1.1 K\u00e4esolevas dokumendis sisalduvad Kukumber O\u00dc lojaalsusprogrammi KAUSS HEAD TOITU s\u00f5prade klubi liikmetele kehtivad \u00fcldtingimused (edaspidi: Leping) teenusepakkuja (edaspidi: Korraldaja) ning lojaalsusprogrammiga liitunu (edaspidi: Klient) vahel. 2. LIITUMINE JA [...]","protected":false},"author":3,"featured_media":0,"parent":0,"menu_order":0,"comment_status":"closed","ping_status":"closed","template":"","meta":{"_acf_changed":false,"footnotes":""},"class_list":["post-3371","page","type-page","status-publish","hentry"],"aioseo_notices":[],"acf":[],"_links":{"self":[{"href":"https:\/\/pokebowl.ee\/en\/wp-json\/wp\/v2\/pages\/3371","targetHints":{"allow":["GET"]}}],"collection":[{"href":"https:\/\/pokebowl.ee\/en\/wp-json\/wp\/v2\/pages"}],"about":[{"href":"https:\/\/pokebowl.ee\/en\/wp-json\/wp\/v2\/types\/page"}],"author":[{"embeddable":true,"href":"https:\/\/pokebowl.ee\/en\/wp-json\/wp\/v2\/users\/3"}],"replies":[{"embeddable":true,"href":"https:\/\/pokebowl.ee\/en\/wp-json\/wp\/v2\/comments?post=3371"}],"version-history":[{"count":2,"href":"https:\/\/pokebowl.ee\/en\/wp-json\/wp\/v2\/pages\/3371\/revisions"}],"predecessor-version":[{"id":5766,"href":"https:\/\/pokebowl.ee\/en\/wp-json\/wp\/v2\/pages\/3371\/revisions\/5766"}],"wp:attachment":[{"href":"https:\/\/pokebowl.ee\/en\/wp-json\/wp\/v2\/media?parent=3371"}],"curies":[{"name":"wp","href":"https:\/\/api.w.org\/{rel}","templated":true}]}}